{"id":256,"date":"2023-03-28T18:00:38","date_gmt":"2023-03-28T18:00:38","guid":{"rendered":"https:\/\/mc5-sniper.de\/?page_id=256"},"modified":"2025-05-10T17:28:39","modified_gmt":"2025-05-10T17:28:39","slug":"home","status":"publish","type":"page","link":"https:\/\/mc5-sniper.de\/","title":{"rendered":"Home"},"content":{"rendered":"\t\t<div data-elementor-type=\"wp-page\" data-elementor-id=\"256\" class=\"elementor elementor-256\">\n\t\t\t\t<div class=\"elementor-element elementor-element-38059b3 e-flex e-con-boxed elementor-invisible e-con e-parent\" data-id=\"38059b3\" data-element_type=\"container\" data-e-type=\"container\" data-settings=\"{&quot;animation&quot;:&quot;fadeIn&quot;,&quot;background_background&quot;:&quot;classic&quot;}\">\n\t\t\t\t\t<div class=\"e-con-inner\">\n\t\t\t\t<div class=\"elementor-element elementor-element-4e917ef elementor-widget elementor-widget-heading\" data-id=\"4e917ef\" data-element_type=\"widget\" data-e-type=\"widget\" data-widget_type=\"heading.default\">\n\t\t\t\t<div class=\"elementor-widget-container\">\n\t\t\t\t\t<h2 class=\"elementor-heading-title elementor-size-large\">Herzlich Willkommen bei Mc5-Sniper.de<\/h2>\t\t\t\t<\/div>\n\t\t\t\t<\/div>\n\t\t\t\t<div class=\"elementor-element elementor-element-f0ee564 elementor-widget-divider--view-line elementor-widget elementor-widget-divider\" data-id=\"f0ee564\" data-element_type=\"widget\" data-e-type=\"widget\" data-widget_type=\"divider.default\">\n\t\t\t\t<div class=\"elementor-widget-container\">\n\t\t\t\t\t\t\t<div class=\"elementor-divider\">\n\t\t\t<span class=\"elementor-divider-separator\">\n\t\t\t\t\t\t<\/span>\n\t\t<\/div>\n\t\t\t\t\t\t<\/div>\n\t\t\t\t<\/div>\n\t\t\t\t<div class=\"elementor-element elementor-element-4fc41dd elementor-widget elementor-widget-text-editor\" data-id=\"4fc41dd\" data-element_type=\"widget\" data-e-type=\"widget\" data-widget_type=\"text-editor.default\">\n\t\t\t\t<div class=\"elementor-widget-container\">\n\t\t\t\t\t\t\t\t\t<p>Hallo, mein Name ist Niclas, und ich hei\u00dfe Sie herzlich auf meiner Website willkommen. Hier m\u00f6chte ich Ihnen einen Einblick in meine Karriere als Cutter geben und Ihnen zeigen, wo ich heute stehe. Au\u00dferdem k\u00f6nnen Sie sich hier einige meiner Arbeiten ansehen.<\/p><p>Meine Leidenschaft f\u00fcr das Schneiden begann, als ich intensiv mit dem Streamen besch\u00e4ftigt war. Als leidenschaftlicher Gamer und Content Creator habe ich meine F\u00e4higkeiten im Videoschnitt kontinuierlich verbessert und bin nun zu einem erfahrenen Cutter herangewachsen.<\/p><p>Auf meiner Website finden Sie nicht nur eine Auswahl meiner Werke, sondern auch detaillierte Berichte \u00fcber die verschiedenen Programme, die ich f\u00fcr meine Projekte verwendet habe. Von meinen ersten Schritten mit einfachen Schnittprogrammen bis hin zu meinen Erfahrungen mit komplexen Editing-Tools wie DaVinci Resolve, teile ich hier mein gesammeltes Wissen und meine pers\u00f6nlichen Einsch\u00e4tzungen.<\/p><p>Ich lade Sie herzlich ein, sich meine Werke anzusehen und mehr \u00fcber meine Reise als Cutter zu erfahren. Tauchen Sie ein und lassen Sie sich von meiner Leidenschaft f\u00fcr das Schneiden inspirieren!<\/p>\t\t\t\t\t\t\t\t<\/div>\n\t\t\t\t<\/div>\n\t\t\t\t\t<\/div>\n\t\t\t\t<\/div>\n\t\t<div class=\"elementor-element elementor-element-ba9efb6 e-flex e-con-boxed elementor-invisible e-con e-parent\" data-id=\"ba9efb6\" data-element_type=\"container\" data-e-type=\"container\" data-settings=\"{&quot;animation&quot;:&quot;fadeInUp&quot;}\">\n\t\t\t\t\t<div class=\"e-con-inner\">\n\t\t\t\t<div class=\"elementor-element elementor-element-c28320b elementor-widget elementor-widget-heading\" data-id=\"c28320b\" data-element_type=\"widget\" data-e-type=\"widget\" data-widget_type=\"heading.default\">\n\t\t\t\t<div class=\"elementor-widget-container\">\n\t\t\t\t\t<h2 class=\"elementor-heading-title elementor-size-default\">So habe ich angefangen zu Schneiden<\/h2>\t\t\t\t<\/div>\n\t\t\t\t<\/div>\n\t\t\t\t<div class=\"elementor-element elementor-element-569b2e6 elementor-widget-divider--view-line elementor-widget elementor-widget-divider\" data-id=\"569b2e6\" data-element_type=\"widget\" data-e-type=\"widget\" data-widget_type=\"divider.default\">\n\t\t\t\t<div class=\"elementor-widget-container\">\n\t\t\t\t\t\t\t<div class=\"elementor-divider\">\n\t\t\t<span class=\"elementor-divider-separator\">\n\t\t\t\t\t\t<\/span>\n\t\t<\/div>\n\t\t\t\t\t\t<\/div>\n\t\t\t\t<\/div>\n\t\t\t\t<div class=\"elementor-element elementor-element-12fe073 elementor-widget elementor-widget-text-editor\" data-id=\"12fe073\" data-element_type=\"widget\" data-e-type=\"widget\" data-widget_type=\"text-editor.default\">\n\t\t\t\t<div class=\"elementor-widget-container\">\n\t\t\t\t\t\t\t\t\t<p>Das Schneiden wurde f\u00fcr mich pers\u00f6nlich interessant, nachdem ich mit dem Streamen begonnen hatte. In dieser Zeit str\u00f6mte ich Minecraft Bad Wars. Das mag f\u00fcr einige vielleicht nicht besonders aufregend klingen, doch ich bewunderte einige Minecraft-YouTuber daf\u00fcr, wie geschickt sie ihre Erlebnisse zusammenstellten. Das inspirierte mich dazu, es selbst einmal auszuprobieren. Meine erste Aufgabe bestand darin, meine OBS-Einstellungen zu optimieren, um eine erstklassige Videoqualit\u00e4t zu erreichen. F\u00fcr diejenigen, die sich fragen, wof\u00fcr OBS Studio verwendet wird, werde ich das in einem separaten Beitrag genauer erkl\u00e4ren. Kurz gesagt, es handelt sich um eine Aufnahme- und Streaming-Software, eine der bekanntesten in ihrer Kategorie.<\/p><p>Also, was habe ich dann gemacht? Ich begann damit, nach einem einfachen Videoschnittprogramm zu suchen und legte einfach los. Meine ersten Schritte machte ich mit HitFilm Express. Zugegebenerma\u00dfen war es nicht das beeindruckendste Programm und ich habe nicht lange damit gearbeitet, da es mir sehr un\u00fcbersichtlich erschien.<\/p><p>Anschlie\u00dfend testete ich Shotcut. Hier verbrachte ich etwas mehr Zeit, da es einfach zu verstehen war. Doch obwohl es f\u00fcr einfache Schnitte v\u00f6llig ausreichte, stie\u00df es schnell an seine Grenzen, wenn es um komplexe Effekte ging.<\/p><p>Danach wagte ich mich an iMovie. Was soll man zu diesem Programm sagen? Nun, es ist sogar noch einfacher aufgebaut als Shotcut und hat meiner Meinung nach noch weniger Effekte und dergleichen.<\/p><p>Aber nachdem ich diese Programme ausprobiert hatte, stellte ich fest, dass Wondershare meinen Bed\u00fcrfnissen entsprach. Ich habe sogar ein Abonnement gekauft, um Zugang zu mehr Effekten zu erhalten. Wie genau das Programm aufgebaut ist und wof\u00fcr es verwendet werden kann, werde ich in einem separaten Blogbeitrag genauer erl\u00e4utern.<\/p><p>Schlie\u00dflich stie\u00df ich auf das \u00e4u\u00dferst komplexe DaVinci Resolve. Ich verbrachte die meiste Zeit mit diesem Programm, da es eine Vielzahl von M\u00f6glichkeiten bietet, darunter Farbkorrektur, Audio-Mixing und eine Vielzahl von Bearbeitungswerkzeugen. \u00dcber DaVinci Resolve werde ich mich ebenfalls in einem separaten Blogbeitrag ausf\u00fchrlicher \u00e4u\u00dfern.<\/p>\t\t\t\t\t\t\t\t<\/div>\n\t\t\t\t<\/div>\n\t\t\t\t<div class=\"elementor-element elementor-element-6497a16 elementor-widget-divider--view-line elementor-widget elementor-widget-divider\" data-id=\"6497a16\" data-element_type=\"widget\" data-e-type=\"widget\" data-widget_type=\"divider.default\">\n\t\t\t\t<div class=\"elementor-widget-container\">\n\t\t\t\t\t\t\t<div class=\"elementor-divider\">\n\t\t\t<span class=\"elementor-divider-separator\">\n\t\t\t\t\t\t<\/span>\n\t\t<\/div>\n\t\t\t\t\t\t<\/div>\n\t\t\t\t<\/div>\n\t\t\t\t\t<\/div>\n\t\t\t\t<\/div>\n\t\t<div class=\"elementor-element elementor-element-e167907 e-flex e-con-boxed elementor-invisible e-con e-parent\" data-id=\"e167907\" data-element_type=\"container\" data-e-type=\"container\" data-settings=\"{&quot;animation&quot;:&quot;fadeInUp&quot;}\">\n\t\t\t\t\t<div class=\"e-con-inner\">\n\t\t<div class=\"elementor-element elementor-element-60ee8d9 e-flex e-con-boxed e-con e-child\" data-id=\"60ee8d9\" data-element_type=\"container\" data-e-type=\"container\">\n\t\t\t\t\t<div class=\"e-con-inner\">\n\t\t\t\t<div class=\"elementor-element elementor-element-ad81c57 elementor-widget elementor-widget-heading\" data-id=\"ad81c57\" data-element_type=\"widget\" data-e-type=\"widget\" data-widget_type=\"heading.default\">\n\t\t\t\t<div class=\"elementor-widget-container\">\n\t\t\t\t\t<h2 class=\"elementor-heading-title elementor-size-default\">Welche Programme benutze ich aktuell f\u00fcr die Videobearbeitung und warum?<\/h2>\t\t\t\t<\/div>\n\t\t\t\t<\/div>\n\t\t\t\t\t<\/div>\n\t\t\t\t<\/div>\n\t\t\t\t<div class=\"elementor-element elementor-element-597dee7 elementor-widget-divider--view-line elementor-widget elementor-widget-divider\" data-id=\"597dee7\" data-element_type=\"widget\" data-e-type=\"widget\" data-widget_type=\"divider.default\">\n\t\t\t\t<div class=\"elementor-widget-container\">\n\t\t\t\t\t\t\t<div class=\"elementor-divider\">\n\t\t\t<span class=\"elementor-divider-separator\">\n\t\t\t\t\t\t<\/span>\n\t\t<\/div>\n\t\t\t\t\t\t<\/div>\n\t\t\t\t<\/div>\n\t\t\t\t<div class=\"elementor-element elementor-element-0ec9ff8 elementor-widget elementor-widget-text-editor\" data-id=\"0ec9ff8\" data-element_type=\"widget\" data-e-type=\"widget\" data-widget_type=\"text-editor.default\">\n\t\t\t\t<div class=\"elementor-widget-container\">\n\t\t\t\t\t\t\t\t\t<p>Liebe Leserinnen und Leser,<\/p><p>zun\u00e4chst einmal m\u00f6chte ich mich herzlich bei Ihnen bedanken, dass Sie bis hierhin gelesen haben. Nun m\u00f6chte ich Ihnen die komplexen Programme vorstellen, die ich derzeit f\u00fcr meine Videobearbeitung verwende. Es handelt sich um Adobe Premiere Pro, After Effects und Adobe Audition.<\/p><p>Ich muss wirklich sagen, diese Programme sind der Wahnsinn! Erstens wegen ihrer Pr\u00e4zision und zweitens wegen ihrer nahtlosen Integration, auch bekannt als Kompositionen, die in den einzelnen Projekten zusammenarbeiten.<\/p><p>In Premiere Pro kann ich den Rohschnitt durchf\u00fchren und in After Effects dann die gesamten Effekte erstellen \u2013 und das alles in einem Projekt und synchron! Ich meine, wie cool ist das bitte? \ud83d\ude00<\/p><p>Ich pers\u00f6nlich habe bisher nicht lange mit diesen Programmen geschnitten. Zuvor habe ich die meiste Zeit mit DaVinci Resolve verbracht. Sobald man jedoch das grundlegende Schneiden beherrscht, findet man sich in Premiere Pro sehr schnell zurecht. Nur mit After Effects habe ich noch ein paar Probleme im Workflow, aber ich bin zuversichtlich, dass ich auch dort schnell reinkomme.<\/p><p>Nun wissen Sie also, wo ich mich derzeit ungef\u00e4hr befinde und mit welchen Programmen ich arbeite. Genauere Informationen dazu werde ich auch in weiteren Beitr\u00e4gen auf meiner Website teilen.<\/p>\t\t\t\t\t\t\t\t<\/div>\n\t\t\t\t<\/div>\n\t\t\t\t<div class=\"elementor-element elementor-element-a5434e2 elementor-widget-divider--view-line elementor-widget elementor-widget-divider\" data-id=\"a5434e2\" data-element_type=\"widget\" data-e-type=\"widget\" data-widget_type=\"divider.default\">\n\t\t\t\t<div class=\"elementor-widget-container\">\n\t\t\t\t\t\t\t<div class=\"elementor-divider\">\n\t\t\t<span class=\"elementor-divider-separator\">\n\t\t\t\t\t\t<\/span>\n\t\t<\/div>\n\t\t\t\t\t\t<\/div>\n\t\t\t\t<\/div>\n\t\t\t\t\t<\/div>\n\t\t\t\t<\/div>\n\t\t<div class=\"elementor-element elementor-element-0b6340b e-flex e-con-boxed elementor-invisible e-con e-parent\" data-id=\"0b6340b\" data-element_type=\"container\" data-e-type=\"container\" data-settings=\"{&quot;animation&quot;:&quot;fadeInUp&quot;}\">\n\t\t\t\t\t<div class=\"e-con-inner\">\n\t\t\t\t<div class=\"elementor-element elementor-element-0f7a2b4 elementor-widget elementor-widget-heading\" data-id=\"0f7a2b4\" data-element_type=\"widget\" data-e-type=\"widget\" data-widget_type=\"heading.default\">\n\t\t\t\t<div class=\"elementor-widget-container\">\n\t\t\t\t\t<h2 class=\"elementor-heading-title elementor-size-default\">Ein Paar Infos zu meiner Person<\/h2>\t\t\t\t<\/div>\n\t\t\t\t<\/div>\n\t\t\t\t<div class=\"elementor-element elementor-element-34095b9 elementor-widget-divider--view-line elementor-widget elementor-widget-divider\" data-id=\"34095b9\" data-element_type=\"widget\" data-e-type=\"widget\" data-widget_type=\"divider.default\">\n\t\t\t\t<div class=\"elementor-widget-container\">\n\t\t\t\t\t\t\t<div class=\"elementor-divider\">\n\t\t\t<span class=\"elementor-divider-separator\">\n\t\t\t\t\t\t<\/span>\n\t\t<\/div>\n\t\t\t\t\t\t<\/div>\n\t\t\t\t<\/div>\n\t\t\t\t<div class=\"elementor-element elementor-element-2fd0eda elementor-widget elementor-widget-text-editor\" data-id=\"2fd0eda\" data-element_type=\"widget\" data-e-type=\"widget\" data-widget_type=\"text-editor.default\">\n\t\t\t\t<div class=\"elementor-widget-container\">\n\t\t\t\t\t\t\t\t\t<p>Nun Ich Selber Hei\u00dfe Niclas aber in der Online Welt Hei\u00dfe ich doch eher Mc5 Sniper oder nur Sniper.<\/p><p>Aktuell bin ich 22 Jahre Alt, Ich selber bin Gelernter Zimmerer<\/p>\t\t\t\t\t\t\t\t<\/div>\n\t\t\t\t<\/div>\n\t\t\t\t<div class=\"elementor-element elementor-element-0c23931 elementor-widget-divider--view-line elementor-widget elementor-widget-divider\" data-id=\"0c23931\" data-element_type=\"widget\" data-e-type=\"widget\" data-widget_type=\"divider.default\">\n\t\t\t\t<div class=\"elementor-widget-container\">\n\t\t\t\t\t\t\t<div class=\"elementor-divider\">\n\t\t\t<span class=\"elementor-divider-separator\">\n\t\t\t\t\t\t<\/span>\n\t\t<\/div>\n\t\t\t\t\t\t<\/div>\n\t\t\t\t<\/div>\n\t\t\t\t\t<\/div>\n\t\t\t\t<\/div>\n\t\t\t\t<\/div>\n\t\t","protected":false},"excerpt":{"rendered":"<p>Herzlich Willkommen bei Mc5-Sniper.de Hallo, mein Name ist Niclas, und ich hei\u00dfe Sie herzlich auf meiner Website willkommen. Hier m\u00f6chte ich Ihnen einen Einblick in meine Karriere als Cutter geben und Ihnen zeigen, wo ich heute stehe. Au\u00dferdem k\u00f6nnen Sie sich hier einige meiner Arbeiten ansehen. Meine Leidenschaft f\u00fcr das Schneiden begann, als ich intensiv [&hellip;]<\/p>\n","protected":false},"author":1,"featured_media":0,"parent":0,"menu_order":0,"comment_status":"closed","ping_status":"closed","template":"","meta":{"ocean_post_layout":"full-screen","ocean_both_sidebars_style":"","ocean_both_sidebars_content_width":0,"ocean_both_sidebars_sidebars_width":0,"ocean_sidebar":"0","ocean_second_sidebar":"0","ocean_disable_margins":"enable","ocean_add_body_class":"","ocean_shortcode_before_top_bar":"","ocean_shortcode_after_top_bar":"","ocean_shortcode_before_header":"","ocean_shortcode_after_header":"","ocean_has_shortcode":"","ocean_shortcode_after_title":"","ocean_shortcode_before_footer_widgets":"","ocean_shortcode_after_footer_widgets":"","ocean_shortcode_before_footer_bottom":"","ocean_shortcode_after_footer_bottom":"","ocean_display_top_bar":"off","ocean_display_header":"off","ocean_header_style":"","ocean_center_header_left_menu":"0","ocean_custom_header_template":"0","ocean_custom_logo":364,"ocean_custom_retina_logo":0,"ocean_custom_logo_max_width":0,"ocean_custom_logo_tablet_max_width":0,"ocean_custom_logo_mobile_max_width":0,"ocean_custom_logo_max_height":0,"ocean_custom_logo_tablet_max_height":0,"ocean_custom_logo_mobile_max_height":0,"ocean_header_custom_menu":"0","ocean_menu_typo_font_family":"0","ocean_menu_typo_font_subset":"","ocean_menu_typo_font_size":0,"ocean_menu_typo_font_size_tablet":0,"ocean_menu_typo_font_size_mobile":0,"ocean_menu_typo_font_size_unit":"px","ocean_menu_typo_font_weight":"","ocean_menu_typo_font_weight_tablet":"","ocean_menu_typo_font_weight_mobile":"","ocean_menu_typo_transform":"","ocean_menu_typo_transform_tablet":"","ocean_menu_typo_transform_mobile":"","ocean_menu_typo_line_height":0,"ocean_menu_typo_line_height_tablet":0,"ocean_menu_typo_line_height_mobile":0,"ocean_menu_typo_line_height_unit":"","ocean_menu_typo_spacing":0,"ocean_menu_typo_spacing_tablet":0,"ocean_menu_typo_spacing_mobile":0,"ocean_menu_typo_spacing_unit":"","ocean_menu_link_color":"","ocean_menu_link_color_hover":"","ocean_menu_link_color_active":"","ocean_menu_link_background":"","ocean_menu_link_hover_background":"","ocean_menu_link_active_background":"","ocean_menu_social_links_bg":"","ocean_menu_social_hover_links_bg":"","ocean_menu_social_links_color":"","ocean_menu_social_hover_links_color":"","ocean_disable_title":"on","ocean_disable_heading":"default","ocean_post_title":"","ocean_post_subheading":"","ocean_post_title_style":"","ocean_post_title_background_color":"","ocean_post_title_background":0,"ocean_post_title_bg_image_position":"","ocean_post_title_bg_image_attachment":"","ocean_post_title_bg_image_repeat":"","ocean_post_title_bg_image_size":"","ocean_post_title_height":0,"ocean_post_title_bg_overlay":0.5,"ocean_post_title_bg_overlay_color":"","ocean_disable_breadcrumbs":"default","ocean_breadcrumbs_color":"","ocean_breadcrumbs_separator_color":"","ocean_breadcrumbs_links_color":"","ocean_breadcrumbs_links_hover_color":"","ocean_display_footer_widgets":"off","ocean_display_footer_bottom":"off","ocean_custom_footer_template":"0","footnotes":""},"class_list":["post-256","page","type-page","status-publish","hentry","entry"],"yoast_head":"<!-- This site is optimized with the Yoast SEO plugin v27.3 - https:\/\/yoast.com\/product\/yoast-seo-wordpress\/ -->\n<title>Home - Mc5 Sniper<\/title>\n<meta name=\"description\" content=\"Ich bin Mc5 Sniper und zeige ihnen meine Erfahrungen im Video Schnitt und im Aufnahme und Streaming Bereich wie sie am besten ihre Projekte gestalten\" \/>\n<meta name=\"robots\" content=\"index, follow, max-snippet:-1, max-image-preview:large, max-video-preview:-1\" \/>\n<link rel=\"canonical\" href=\"https:\/\/mc5-sniper.de\/\" \/>\n<meta property=\"og:locale\" content=\"de_DE\" \/>\n<meta property=\"og:type\" content=\"article\" \/>\n<meta property=\"og:title\" content=\"Home - Mc5 Sniper\" \/>\n<meta property=\"og:description\" content=\"Ich bin Mc5 Sniper und zeige ihnen meine Erfahrungen im Video Schnitt und im Aufnahme und Streaming Bereich wie sie am besten ihre Projekte gestalten\" \/>\n<meta property=\"og:url\" content=\"https:\/\/mc5-sniper.de\/\" \/>\n<meta property=\"og:site_name\" content=\"Mc5 Sniper\" \/>\n<meta property=\"article:modified_time\" content=\"2025-05-10T17:28:39+00:00\" \/>\n<meta property=\"og:image\" content=\"https:\/\/mc5-sniper.de\/wp-content\/uploads\/2024\/03\/yt-hintergrund3.0-1024x576.png\" \/>\n\t<meta property=\"og:image:width\" content=\"1024\" \/>\n\t<meta property=\"og:image:height\" content=\"576\" \/>\n\t<meta property=\"og:image:type\" content=\"image\/png\" \/>\n<meta name=\"twitter:card\" content=\"summary_large_image\" \/>\n<meta name=\"twitter:label1\" content=\"Gesch\u00e4tzte Lesezeit\" \/>\n\t<meta name=\"twitter:data1\" content=\"5\u00a0Minuten\" \/>\n<script type=\"application\/ld+json\" class=\"yoast-schema-graph\">{\"@context\":\"https:\\\/\\\/schema.org\",\"@graph\":[{\"@type\":\"WebPage\",\"@id\":\"https:\\\/\\\/mc5-sniper.de\\\/\",\"url\":\"https:\\\/\\\/mc5-sniper.de\\\/\",\"name\":\"Home - Mc5 Sniper\",\"isPartOf\":{\"@id\":\"https:\\\/\\\/mc5-sniper.de\\\/#website\"},\"datePublished\":\"2023-03-28T18:00:38+00:00\",\"dateModified\":\"2025-05-10T17:28:39+00:00\",\"description\":\"Ich bin Mc5 Sniper und zeige ihnen meine Erfahrungen im Video Schnitt und im Aufnahme und Streaming Bereich wie sie am besten ihre Projekte gestalten\",\"breadcrumb\":{\"@id\":\"https:\\\/\\\/mc5-sniper.de\\\/#breadcrumb\"},\"inLanguage\":\"de\",\"potentialAction\":[{\"@type\":\"ReadAction\",\"target\":[\"https:\\\/\\\/mc5-sniper.de\\\/\"]}]},{\"@type\":\"BreadcrumbList\",\"@id\":\"https:\\\/\\\/mc5-sniper.de\\\/#breadcrumb\",\"itemListElement\":[{\"@type\":\"ListItem\",\"position\":1,\"name\":\"Home\",\"item\":\"https:\\\/\\\/mc5-sniper.de\\\/\"},{\"@type\":\"ListItem\",\"position\":2,\"name\":\"Home\"}]},{\"@type\":\"WebSite\",\"@id\":\"https:\\\/\\\/mc5-sniper.de\\\/#website\",\"url\":\"https:\\\/\\\/mc5-sniper.de\\\/\",\"name\":\"Mc5 Sniper\",\"description\":\"Video Creator\",\"publisher\":{\"@id\":\"https:\\\/\\\/mc5-sniper.de\\\/#organization\"},\"potentialAction\":[{\"@type\":\"SearchAction\",\"target\":{\"@type\":\"EntryPoint\",\"urlTemplate\":\"https:\\\/\\\/mc5-sniper.de\\\/?s={search_term_string}\"},\"query-input\":{\"@type\":\"PropertyValueSpecification\",\"valueRequired\":true,\"valueName\":\"search_term_string\"}}],\"inLanguage\":\"de\"},{\"@type\":\"Organization\",\"@id\":\"https:\\\/\\\/mc5-sniper.de\\\/#organization\",\"name\":\"Cutter Eibl\",\"url\":\"https:\\\/\\\/mc5-sniper.de\\\/\",\"logo\":{\"@type\":\"ImageObject\",\"inLanguage\":\"de\",\"@id\":\"https:\\\/\\\/mc5-sniper.de\\\/#\\\/schema\\\/logo\\\/image\\\/\",\"url\":\"https:\\\/\\\/mc5-sniper.de\\\/wp-content\\\/uploads\\\/2024\\\/03\\\/YT-Wasserzeichen-3.0.png\",\"contentUrl\":\"https:\\\/\\\/mc5-sniper.de\\\/wp-content\\\/uploads\\\/2024\\\/03\\\/YT-Wasserzeichen-3.0.png\",\"width\":800,\"height\":800,\"caption\":\"Cutter Eibl\"},\"image\":{\"@id\":\"https:\\\/\\\/mc5-sniper.de\\\/#\\\/schema\\\/logo\\\/image\\\/\"}}]}<\/script>\n<!-- \/ Yoast SEO plugin. -->","yoast_head_json":{"title":"Home - Mc5 Sniper","description":"Ich bin Mc5 Sniper und zeige ihnen meine Erfahrungen im Video Schnitt und im Aufnahme und Streaming Bereich wie sie am besten ihre Projekte gestalten","robots":{"index":"index","follow":"follow","max-snippet":"max-snippet:-1","max-image-preview":"max-image-preview:large","max-video-preview":"max-video-preview:-1"},"canonical":"https:\/\/mc5-sniper.de\/","og_locale":"de_DE","og_type":"article","og_title":"Home - Mc5 Sniper","og_description":"Ich bin Mc5 Sniper und zeige ihnen meine Erfahrungen im Video Schnitt und im Aufnahme und Streaming Bereich wie sie am besten ihre Projekte gestalten","og_url":"https:\/\/mc5-sniper.de\/","og_site_name":"Mc5 Sniper","article_modified_time":"2025-05-10T17:28:39+00:00","og_image":[{"width":1024,"height":576,"url":"https:\/\/mc5-sniper.de\/wp-content\/uploads\/2024\/03\/yt-hintergrund3.0-1024x576.png","type":"image\/png"}],"twitter_card":"summary_large_image","twitter_misc":{"Gesch\u00e4tzte Lesezeit":"5\u00a0Minuten"},"schema":{"@context":"https:\/\/schema.org","@graph":[{"@type":"WebPage","@id":"https:\/\/mc5-sniper.de\/","url":"https:\/\/mc5-sniper.de\/","name":"Home - Mc5 Sniper","isPartOf":{"@id":"https:\/\/mc5-sniper.de\/#website"},"datePublished":"2023-03-28T18:00:38+00:00","dateModified":"2025-05-10T17:28:39+00:00","description":"Ich bin Mc5 Sniper und zeige ihnen meine Erfahrungen im Video Schnitt und im Aufnahme und Streaming Bereich wie sie am besten ihre Projekte gestalten","breadcrumb":{"@id":"https:\/\/mc5-sniper.de\/#breadcrumb"},"inLanguage":"de","potentialAction":[{"@type":"ReadAction","target":["https:\/\/mc5-sniper.de\/"]}]},{"@type":"BreadcrumbList","@id":"https:\/\/mc5-sniper.de\/#breadcrumb","itemListElement":[{"@type":"ListItem","position":1,"name":"Home","item":"https:\/\/mc5-sniper.de\/"},{"@type":"ListItem","position":2,"name":"Home"}]},{"@type":"WebSite","@id":"https:\/\/mc5-sniper.de\/#website","url":"https:\/\/mc5-sniper.de\/","name":"Mc5 Sniper","description":"Video Creator","publisher":{"@id":"https:\/\/mc5-sniper.de\/#organization"},"potentialAction":[{"@type":"SearchAction","target":{"@type":"EntryPoint","urlTemplate":"https:\/\/mc5-sniper.de\/?s={search_term_string}"},"query-input":{"@type":"PropertyValueSpecification","valueRequired":true,"valueName":"search_term_string"}}],"inLanguage":"de"},{"@type":"Organization","@id":"https:\/\/mc5-sniper.de\/#organization","name":"Cutter Eibl","url":"https:\/\/mc5-sniper.de\/","logo":{"@type":"ImageObject","inLanguage":"de","@id":"https:\/\/mc5-sniper.de\/#\/schema\/logo\/image\/","url":"https:\/\/mc5-sniper.de\/wp-content\/uploads\/2024\/03\/YT-Wasserzeichen-3.0.png","contentUrl":"https:\/\/mc5-sniper.de\/wp-content\/uploads\/2024\/03\/YT-Wasserzeichen-3.0.png","width":800,"height":800,"caption":"Cutter Eibl"},"image":{"@id":"https:\/\/mc5-sniper.de\/#\/schema\/logo\/image\/"}}]}},"_links":{"self":[{"href":"https:\/\/mc5-sniper.de\/index.php?rest_route=\/wp\/v2\/pages\/256","targetHints":{"allow":["GET"]}}],"collection":[{"href":"https:\/\/mc5-sniper.de\/index.php?rest_route=\/wp\/v2\/pages"}],"about":[{"href":"https:\/\/mc5-sniper.de\/index.php?rest_route=\/wp\/v2\/types\/page"}],"author":[{"embeddable":true,"href":"https:\/\/mc5-sniper.de\/index.php?rest_route=\/wp\/v2\/users\/1"}],"replies":[{"embeddable":true,"href":"https:\/\/mc5-sniper.de\/index.php?rest_route=%2Fwp%2Fv2%2Fcomments&post=256"}],"version-history":[{"count":91,"href":"https:\/\/mc5-sniper.de\/index.php?rest_route=\/wp\/v2\/pages\/256\/revisions"}],"predecessor-version":[{"id":608,"href":"https:\/\/mc5-sniper.de\/index.php?rest_route=\/wp\/v2\/pages\/256\/revisions\/608"}],"wp:attachment":[{"href":"https:\/\/mc5-sniper.de\/index.php?rest_route=%2Fwp%2Fv2%2Fmedia&parent=256"}],"curies":[{"name":"wp","href":"https:\/\/api.w.org\/{rel}","templated":true}]}}